{"id":29,"date":"2024-12-13T14:17:43","date_gmt":"2024-12-13T14:17:43","guid":{"rendered":"https:\/\/kfz-meisterbetrieb-eriskirch.de\/?page_id=29"},"modified":"2025-04-16T12:08:47","modified_gmt":"2025-04-16T12:08:47","slug":"ueber-uns","status":"publish","type":"page","link":"https:\/\/kfz-meisterbetrieb-eriskirch.de\/index.php\/ueber-uns\/","title":{"rendered":"\u00dcber uns"},"content":{"rendered":"\n<p id=\"isPasted\">Wir freuen uns, Ihnen unser Unternehmen vorzustellen:<\/p>\n\n\n\n<p>Wir sind Ronja M\u00fcller- ausgebildete KFZ-Gesellin, sowie Konstantin Laschin- KFZ-Meister. <\/p>\n\n\n\n<p>Unsere Leidenschaft f\u00fcr Automobile und unser umfangreiches Fachwissen erm\u00f6glichen es uns, Ihnen qualitativ hochwertige Dienstleistungen im Bereich der Fahrzeugreparatur und -wartung anzubieten. Auch Landmaschinen und Sonderaufbauten.<\/p>\n\n\n\n<p>Seit Dezember 2022 betreiben wir unsere Werkstatt an diesem Standort und sind stolz darauf, unseren Kunden einen professionellen und pers\u00f6nlichen Service zu bieten.<\/p>\n\n\n\n<p><\/p>\n","protected":false},"excerpt":{"rendered":"<p>Wir freuen uns, Ihnen unser Unternehmen vorzustellen: Wir sind Ronja M\u00fcller- ausgebildete KFZ-Gesellin, sowie Konstantin Laschin- KFZ-Meister. Unsere Leidenschaft f\u00fcr<\/p>\n","protected":false},"author":1,"featured_media":0,"parent":0,"menu_order":0,"comment_status":"closed","ping_status":"closed","template":"","meta":{"footnotes":""},"class_list":["post-29","page","type-page","status-publish","hentry"],"yoast_head":"<!-- This site is optimized with the Yoast SEO plugin v27.4 - https:\/\/yoast.com\/product\/yoast-seo-wordpress\/ -->\n<title>\u00dcber uns - KFZ- Meisterbetrieb R.M\u00fcller<\/title>\n<meta name=\"description\" content=\"Wir, der KFZ Meisterbetrieb R.M\u00fcller in Eriskirch. Auto Reparaturen sowie Inspektion nach Herstellervorgaben jeglicher Art und aller Fabrikate.\" \/>\n<meta name=\"robots\" content=\"index, follow, max-snippet:-1, max-image-preview:large, max-video-preview:-1\" \/>\n<link rel=\"canonical\" href=\"https:\/\/kfz-meisterbetrieb-eriskirch.de\/index.php\/ueber-uns\/\" \/>\n<meta property=\"og:locale\" content=\"de_DE\" \/>\n<meta property=\"og:type\" content=\"article\" \/>\n<meta property=\"og:title\" content=\"\u00dcber uns - KFZ- Meisterbetrieb R.M\u00fcller\" \/>\n<meta property=\"og:description\" content=\"Wir, der KFZ Meisterbetrieb R.M\u00fcller in Eriskirch. Auto Reparaturen sowie Inspektion nach Herstellervorgaben jeglicher Art und aller Fabrikate.\" \/>\n<meta property=\"og:url\" content=\"https:\/\/kfz-meisterbetrieb-eriskirch.de\/index.php\/ueber-uns\/\" \/>\n<meta property=\"og:site_name\" content=\"KFZ- Meisterbetrieb R.M\u00fcller\" \/>\n<meta property=\"article:modified_time\" content=\"2025-04-16T12:08:47+00:00\" \/>\n<meta name=\"twitter:card\" content=\"summary_large_image\" \/>\n<meta name=\"twitter:label1\" content=\"Gesch\u00e4tzte Lesezeit\" \/>\n\t<meta name=\"twitter:data1\" content=\"1\u00a0Minute\" \/>\n<script type=\"application\/ld+json\" class=\"yoast-schema-graph\">{\"@context\":\"https:\\\/\\\/schema.org\",\"@graph\":[{\"@type\":\"WebPage\",\"@id\":\"https:\\\/\\\/kfz-meisterbetrieb-eriskirch.de\\\/index.php\\\/ueber-uns\\\/\",\"url\":\"https:\\\/\\\/kfz-meisterbetrieb-eriskirch.de\\\/index.php\\\/ueber-uns\\\/\",\"name\":\"\u00dcber uns - KFZ- Meisterbetrieb R.M\u00fcller\",\"isPartOf\":{\"@id\":\"https:\\\/\\\/kfz-meisterbetrieb-eriskirch.de\\\/#website\"},\"datePublished\":\"2024-12-13T14:17:43+00:00\",\"dateModified\":\"2025-04-16T12:08:47+00:00\",\"description\":\"Wir, der KFZ Meisterbetrieb R.M\u00fcller in Eriskirch. Auto Reparaturen sowie Inspektion nach Herstellervorgaben jeglicher Art und aller Fabrikate.\",\"breadcrumb\":{\"@id\":\"https:\\\/\\\/kfz-meisterbetrieb-eriskirch.de\\\/index.php\\\/ueber-uns\\\/#breadcrumb\"},\"inLanguage\":\"de\",\"potentialAction\":[{\"@type\":\"ReadAction\",\"target\":[\"https:\\\/\\\/kfz-meisterbetrieb-eriskirch.de\\\/index.php\\\/ueber-uns\\\/\"]}]},{\"@type\":\"BreadcrumbList\",\"@id\":\"https:\\\/\\\/kfz-meisterbetrieb-eriskirch.de\\\/index.php\\\/ueber-uns\\\/#breadcrumb\",\"itemListElement\":[{\"@type\":\"ListItem\",\"position\":1,\"name\":\"Startseite\",\"item\":\"https:\\\/\\\/kfz-meisterbetrieb-eriskirch.de\\\/\"},{\"@type\":\"ListItem\",\"position\":2,\"name\":\"\u00dcber uns\"}]},{\"@type\":\"WebSite\",\"@id\":\"https:\\\/\\\/kfz-meisterbetrieb-eriskirch.de\\\/#website\",\"url\":\"https:\\\/\\\/kfz-meisterbetrieb-eriskirch.de\\\/\",\"name\":\"KFZ- Meisterbetrieb R.M\u00fcller\",\"description\":\"KFZ-Eriskirch\",\"publisher\":{\"@id\":\"https:\\\/\\\/kfz-meisterbetrieb-eriskirch.de\\\/#organization\"},\"potentialAction\":[{\"@type\":\"SearchAction\",\"target\":{\"@type\":\"EntryPoint\",\"urlTemplate\":\"https:\\\/\\\/kfz-meisterbetrieb-eriskirch.de\\\/?s={search_term_string}\"},\"query-input\":{\"@type\":\"PropertyValueSpecification\",\"valueRequired\":true,\"valueName\":\"search_term_string\"}}],\"inLanguage\":\"de\"},{\"@type\":\"Organization\",\"@id\":\"https:\\\/\\\/kfz-meisterbetrieb-eriskirch.de\\\/#organization\",\"name\":\"KFZ- Meisterbetrieb R.M\u00fcller\",\"url\":\"https:\\\/\\\/kfz-meisterbetrieb-eriskirch.de\\\/\",\"logo\":{\"@type\":\"ImageObject\",\"inLanguage\":\"de\",\"@id\":\"https:\\\/\\\/kfz-meisterbetrieb-eriskirch.de\\\/#\\\/schema\\\/logo\\\/image\\\/\",\"url\":\"https:\\\/\\\/kfz-meisterbetrieb-eriskirch.de\\\/wp-content\\\/uploads\\\/2025\\\/01\\\/logo-korrektjpg-1-1.jpg\",\"contentUrl\":\"https:\\\/\\\/kfz-meisterbetrieb-eriskirch.de\\\/wp-content\\\/uploads\\\/2025\\\/01\\\/logo-korrektjpg-1-1.jpg\",\"width\":402,\"height\":399,\"caption\":\"KFZ- Meisterbetrieb R.M\u00fcller\"},\"image\":{\"@id\":\"https:\\\/\\\/kfz-meisterbetrieb-eriskirch.de\\\/#\\\/schema\\\/logo\\\/image\\\/\"}}]}<\/script>\n<!-- \/ Yoast SEO plugin. -->","yoast_head_json":{"title":"\u00dcber uns - KFZ- Meisterbetrieb R.M\u00fcller","description":"Wir, der KFZ Meisterbetrieb R.M\u00fcller in Eriskirch. Auto Reparaturen sowie Inspektion nach Herstellervorgaben jeglicher Art und aller Fabrikate.","robots":{"index":"index","follow":"follow","max-snippet":"max-snippet:-1","max-image-preview":"max-image-preview:large","max-video-preview":"max-video-preview:-1"},"canonical":"https:\/\/kfz-meisterbetrieb-eriskirch.de\/index.php\/ueber-uns\/","og_locale":"de_DE","og_type":"article","og_title":"\u00dcber uns - KFZ- Meisterbetrieb R.M\u00fcller","og_description":"Wir, der KFZ Meisterbetrieb R.M\u00fcller in Eriskirch. Auto Reparaturen sowie Inspektion nach Herstellervorgaben jeglicher Art und aller Fabrikate.","og_url":"https:\/\/kfz-meisterbetrieb-eriskirch.de\/index.php\/ueber-uns\/","og_site_name":"KFZ- Meisterbetrieb R.M\u00fcller","article_modified_time":"2025-04-16T12:08:47+00:00","twitter_card":"summary_large_image","twitter_misc":{"Gesch\u00e4tzte Lesezeit":"1\u00a0Minute"},"schema":{"@context":"https:\/\/schema.org","@graph":[{"@type":"WebPage","@id":"https:\/\/kfz-meisterbetrieb-eriskirch.de\/index.php\/ueber-uns\/","url":"https:\/\/kfz-meisterbetrieb-eriskirch.de\/index.php\/ueber-uns\/","name":"\u00dcber uns - KFZ- Meisterbetrieb R.M\u00fcller","isPartOf":{"@id":"https:\/\/kfz-meisterbetrieb-eriskirch.de\/#website"},"datePublished":"2024-12-13T14:17:43+00:00","dateModified":"2025-04-16T12:08:47+00:00","description":"Wir, der KFZ Meisterbetrieb R.M\u00fcller in Eriskirch. Auto Reparaturen sowie Inspektion nach Herstellervorgaben jeglicher Art und aller Fabrikate.","breadcrumb":{"@id":"https:\/\/kfz-meisterbetrieb-eriskirch.de\/index.php\/ueber-uns\/#breadcrumb"},"inLanguage":"de","potentialAction":[{"@type":"ReadAction","target":["https:\/\/kfz-meisterbetrieb-eriskirch.de\/index.php\/ueber-uns\/"]}]},{"@type":"BreadcrumbList","@id":"https:\/\/kfz-meisterbetrieb-eriskirch.de\/index.php\/ueber-uns\/#breadcrumb","itemListElement":[{"@type":"ListItem","position":1,"name":"Startseite","item":"https:\/\/kfz-meisterbetrieb-eriskirch.de\/"},{"@type":"ListItem","position":2,"name":"\u00dcber uns"}]},{"@type":"WebSite","@id":"https:\/\/kfz-meisterbetrieb-eriskirch.de\/#website","url":"https:\/\/kfz-meisterbetrieb-eriskirch.de\/","name":"KFZ- Meisterbetrieb R.M\u00fcller","description":"KFZ-Eriskirch","publisher":{"@id":"https:\/\/kfz-meisterbetrieb-eriskirch.de\/#organization"},"potentialAction":[{"@type":"SearchAction","target":{"@type":"EntryPoint","urlTemplate":"https:\/\/kfz-meisterbetrieb-eriskirch.de\/?s={search_term_string}"},"query-input":{"@type":"PropertyValueSpecification","valueRequired":true,"valueName":"search_term_string"}}],"inLanguage":"de"},{"@type":"Organization","@id":"https:\/\/kfz-meisterbetrieb-eriskirch.de\/#organization","name":"KFZ- Meisterbetrieb R.M\u00fcller","url":"https:\/\/kfz-meisterbetrieb-eriskirch.de\/","logo":{"@type":"ImageObject","inLanguage":"de","@id":"https:\/\/kfz-meisterbetrieb-eriskirch.de\/#\/schema\/logo\/image\/","url":"https:\/\/kfz-meisterbetrieb-eriskirch.de\/wp-content\/uploads\/2025\/01\/logo-korrektjpg-1-1.jpg","contentUrl":"https:\/\/kfz-meisterbetrieb-eriskirch.de\/wp-content\/uploads\/2025\/01\/logo-korrektjpg-1-1.jpg","width":402,"height":399,"caption":"KFZ- Meisterbetrieb R.M\u00fcller"},"image":{"@id":"https:\/\/kfz-meisterbetrieb-eriskirch.de\/#\/schema\/logo\/image\/"}}]}},"_links":{"self":[{"href":"https:\/\/kfz-meisterbetrieb-eriskirch.de\/index.php\/wp-json\/wp\/v2\/pages\/29","targetHints":{"allow":["GET"]}}],"collection":[{"href":"https:\/\/kfz-meisterbetrieb-eriskirch.de\/index.php\/wp-json\/wp\/v2\/pages"}],"about":[{"href":"https:\/\/kfz-meisterbetrieb-eriskirch.de\/index.php\/wp-json\/wp\/v2\/types\/page"}],"author":[{"embeddable":true,"href":"https:\/\/kfz-meisterbetrieb-eriskirch.de\/index.php\/wp-json\/wp\/v2\/users\/1"}],"replies":[{"embeddable":true,"href":"https:\/\/kfz-meisterbetrieb-eriskirch.de\/index.php\/wp-json\/wp\/v2\/comments?post=29"}],"version-history":[{"count":4,"href":"https:\/\/kfz-meisterbetrieb-eriskirch.de\/index.php\/wp-json\/wp\/v2\/pages\/29\/revisions"}],"predecessor-version":[{"id":128,"href":"https:\/\/kfz-meisterbetrieb-eriskirch.de\/index.php\/wp-json\/wp\/v2\/pages\/29\/revisions\/128"}],"wp:attachment":[{"href":"https:\/\/kfz-meisterbetrieb-eriskirch.de\/index.php\/wp-json\/wp\/v2\/media?parent=29"}],"curies":[{"name":"wp","href":"https:\/\/api.w.org\/{rel}","templated":true}]}}